{"id":4420,"date":"1995-05-05T00:00:00","date_gmt":"1995-05-04T22:00:00","guid":{"rendered":"https:\/\/www.lenzowinery.com\/?post_type=product&#038;p=4420"},"modified":"2026-03-04T12:33:03","modified_gmt":"2026-03-04T11:33:03","slug":"attia","status":"publish","type":"product","link":"https:\/\/www.lenzowinery.com\/en\/product\/attia\/","title":{"rendered":"ATT\u00ccA"},"content":{"rendered":"<p>Att\u00eca \u00e8 un vino rosso classificato come IGT Terre Siciliane, realizzato a partire da un blend di uve: Cabernet Sauvignon, Nero d\u2019Avola, Nocera e altre variet\u00e0 a bacca nera. Il vigneto \u00e8 coltivato a spalliera, e la sua prima annata di produzione risale al 2021. La vendemmia, svolta manualmente con grande cura e attenzione, ha avuto luogo tra la met\u00e0 e la fine di settembre, con una raccolta in cassette e una selezione meticolosa delle uve. Una volta arrivate in cantina, le uve sono sottoposte a un\u2019ulteriore selezione su nastro trasportatore prima della diraspa-pigiatura. La vinificazione avviene con il metodo tradizionale in rosso, in vasche di acciaio inox a temperatura controllata, con macerazione sulle bucce per circa 8 giorni a una temperatura di fermentazione compresa tra 25 e 28 \u00b0C. Dopo la fermentazione malolattica, il vino affina per circa 8 mesi in vasca d\u2019acciaio, seguito da un affinamento minimo di 6 mesi in bottiglia. Il vino presenta un grado alcolico del 14.00 % vol., un\u2019acidit\u00e0 totale di 5.70 g\/l e un pH di 3.6. Viene imbottigliato in formato da 75 cl e va servito a una temperatura ideale di 16 \u00b0C. All\u2019esame visivo, Att\u00eca si mostra con un colore rosso rubino intenso, mentre al naso spiccano prepotenti sentori vinosi. Al palato, si rivela equilibrato e persistente, offrendo un\u2019esperienza gustativa piena e avvolgente. Att\u00eca \u00e8 un vino dalla longevit\u00e0 di 2-3 anni, perfetto per essere degustato al calice o in abbinamento a salumi e formaggi, primi piatti corposi e carne alla brace.<\/p>","protected":false},"excerpt":{"rendered":"<p>Att\u00eca \u00e8 un vino I G Terre Siciliane Rosso ottenuto da uve Cabernet Sauvignon, Nero d\u2019Avola, Nocera e altre uve a bacca nera. Presenta caratteristiche organolettiche definite da un colore rosso rubino intenso, con al naso prepotenti sentori vinosi. Equilibrato e persistente in bocca. Si abbina a salumi e formaggi, primi piatti corposi e carne alla brace.<\/p>","protected":false},"featured_media":7103,"template":"","meta":[],"product_brand":[],"product_cat":[74],"product_tag":[],"mwb_booking_cost":[],"mwb_booking_service":[],"class_list":{"0":"post-4420","1":"product","2":"type-product","3":"status-publish","4":"has-post-thumbnail","6":"product_cat-vini","7":"product_shipping_class-spedizione-con-corriere","9":"first","10":"instock","11":"purchasable","12":"product-type-variable","13":"has-default-attributes"},"yoast_head":"<!-- This site is optimized with the Yoast SEO plugin v27.4 - https:\/\/yoast.com\/product\/yoast-seo-wordpress\/ -->\n<title>Att\u00eca IGT Terre Siciliane Rosso - Lenzo Winery<\/title>\n<meta name=\"description\" content=\"Scopri Att\u00eca un rosso IGT, un blend avvolgente di Cabernet Sauvignon, Nero d&#039;Avola, Nocera e altre uve a bacca nera.\" \/>\n<meta name=\"robots\" content=\"index, follow, max-snippet:-1, max-image-preview:large, max-video-preview:-1\" \/>\n<link rel=\"canonical\" href=\"https:\/\/www.lenzowinery.com\/en\/product\/attia\/\" \/>\n<meta property=\"og:locale\" content=\"en_GB\" \/>\n<meta property=\"og:type\" content=\"article\" \/>\n<meta property=\"og:title\" content=\"Att\u00eca IGT Terre Siciliane Rosso - Lenzo Winery\" \/>\n<meta property=\"og:description\" content=\"Scopri Att\u00eca un rosso IGT, un blend avvolgente di Cabernet Sauvignon, Nero d&#039;Avola, Nocera e altre uve a bacca nera.\" \/>\n<meta property=\"og:url\" content=\"https:\/\/www.lenzowinery.com\/en\/product\/attia\/\" \/>\n<meta property=\"og:site_name\" content=\"LenzoWinery\" \/>\n<meta property=\"article:publisher\" content=\"https:\/\/www.facebook.com\/lenzowinery\/\" \/>\n<meta property=\"article:modified_time\" content=\"2026-03-04T11:33:03+00:00\" \/>\n<meta property=\"og:image\" content=\"https:\/\/www.lenzowinery.com\/wp-content\/uploads\/2023\/10\/attia1.png\" \/>\n\t<meta property=\"og:image:width\" content=\"1220\" \/>\n\t<meta property=\"og:image:height\" content=\"1220\" \/>\n\t<meta property=\"og:image:type\" content=\"image\/png\" \/>\n<meta name=\"twitter:card\" content=\"summary_large_image\" \/>\n<meta name=\"twitter:label1\" content=\"Estimated reading time\" \/>\n\t<meta name=\"twitter:data1\" content=\"2 minutes\" \/>\n<script type=\"application\/ld+json\" class=\"yoast-schema-graph\">{\"@context\":\"https:\\\/\\\/schema.org\",\"@graph\":[{\"@type\":\"WebPage\",\"@id\":\"https:\\\/\\\/www.lenzowinery.com\\\/product\\\/attia\\\/\",\"url\":\"https:\\\/\\\/www.lenzowinery.com\\\/product\\\/attia\\\/\",\"name\":\"Att\u00eca IGT Terre Siciliane Rosso - Lenzo Winery\",\"isPartOf\":{\"@id\":\"https:\\\/\\\/www.lenzowinery.com\\\/#website\"},\"primaryImageOfPage\":{\"@id\":\"https:\\\/\\\/www.lenzowinery.com\\\/product\\\/attia\\\/#primaryimage\"},\"image\":{\"@id\":\"https:\\\/\\\/www.lenzowinery.com\\\/product\\\/attia\\\/#primaryimage\"},\"thumbnailUrl\":\"https:\\\/\\\/www.lenzowinery.com\\\/wp-content\\\/uploads\\\/2023\\\/10\\\/attia1.png\",\"datePublished\":\"1995-05-04T22:00:00+00:00\",\"dateModified\":\"2026-03-04T11:33:03+00:00\",\"description\":\"Scopri Att\u00eca un rosso IGT, un blend avvolgente di Cabernet Sauvignon, Nero d'Avola, Nocera e altre uve a bacca nera.\",\"breadcrumb\":{\"@id\":\"https:\\\/\\\/www.lenzowinery.com\\\/product\\\/attia\\\/#breadcrumb\"},\"inLanguage\":\"en-GB\",\"potentialAction\":[{\"@type\":\"ReadAction\",\"target\":[\"https:\\\/\\\/www.lenzowinery.com\\\/product\\\/attia\\\/\"]}]},{\"@type\":\"ImageObject\",\"inLanguage\":\"en-GB\",\"@id\":\"https:\\\/\\\/www.lenzowinery.com\\\/product\\\/attia\\\/#primaryimage\",\"url\":\"https:\\\/\\\/www.lenzowinery.com\\\/wp-content\\\/uploads\\\/2023\\\/10\\\/attia1.png\",\"contentUrl\":\"https:\\\/\\\/www.lenzowinery.com\\\/wp-content\\\/uploads\\\/2023\\\/10\\\/attia1.png\",\"width\":1220,\"height\":1220},{\"@type\":\"BreadcrumbList\",\"@id\":\"https:\\\/\\\/www.lenzowinery.com\\\/product\\\/attia\\\/#breadcrumb\",\"itemListElement\":[{\"@type\":\"ListItem\",\"position\":1,\"name\":\"Home\",\"item\":\"https:\\\/\\\/www.lenzowinery.com\\\/\"},{\"@type\":\"ListItem\",\"position\":2,\"name\":\"Shop\",\"item\":\"https:\\\/\\\/www.lenzowinery.com\\\/shop\\\/\"},{\"@type\":\"ListItem\",\"position\":3,\"name\":\"ATT\u00ccA\"}]},{\"@type\":\"WebSite\",\"@id\":\"https:\\\/\\\/www.lenzowinery.com\\\/#website\",\"url\":\"https:\\\/\\\/www.lenzowinery.com\\\/\",\"name\":\"Lenzo Winery\",\"description\":\"\",\"publisher\":{\"@id\":\"https:\\\/\\\/www.lenzowinery.com\\\/#organization\"},\"potentialAction\":[{\"@type\":\"SearchAction\",\"target\":{\"@type\":\"EntryPoint\",\"urlTemplate\":\"https:\\\/\\\/www.lenzowinery.com\\\/?s={search_term_string}\"},\"query-input\":{\"@type\":\"PropertyValueSpecification\",\"valueRequired\":true,\"valueName\":\"search_term_string\"}}],\"inLanguage\":\"en-GB\"},{\"@type\":\"Organization\",\"@id\":\"https:\\\/\\\/www.lenzowinery.com\\\/#organization\",\"name\":\"Lenzo Winery\",\"url\":\"https:\\\/\\\/www.lenzowinery.com\\\/\",\"logo\":{\"@type\":\"ImageObject\",\"inLanguage\":\"en-GB\",\"@id\":\"https:\\\/\\\/www.lenzowinery.com\\\/#\\\/schema\\\/logo\\\/image\\\/\",\"url\":\"https:\\\/\\\/www.lenzowinery.com\\\/wp-content\\\/uploads\\\/2023\\\/09\\\/logo_nero.svg\",\"contentUrl\":\"https:\\\/\\\/www.lenzowinery.com\\\/wp-content\\\/uploads\\\/2023\\\/09\\\/logo_nero.svg\",\"width\":277,\"height\":237,\"caption\":\"Lenzo Winery\"},\"image\":{\"@id\":\"https:\\\/\\\/www.lenzowinery.com\\\/#\\\/schema\\\/logo\\\/image\\\/\"},\"sameAs\":[\"https:\\\/\\\/www.facebook.com\\\/lenzowinery\\\/\"]}]}<\/script>\n<!-- \/ Yoast SEO plugin. -->","yoast_head_json":{"title":"Att\u00eca IGT Terre Siciliane Rosso - Lenzo Winery","description":"Scopri Att\u00eca un rosso IGT, un blend avvolgente di Cabernet Sauvignon, Nero d'Avola, Nocera e altre uve a bacca nera.","robots":{"index":"index","follow":"follow","max-snippet":"max-snippet:-1","max-image-preview":"max-image-preview:large","max-video-preview":"max-video-preview:-1"},"canonical":"https:\/\/www.lenzowinery.com\/en\/product\/attia\/","og_locale":"en_GB","og_type":"article","og_title":"Att\u00eca IGT Terre Siciliane Rosso - Lenzo Winery","og_description":"Scopri Att\u00eca un rosso IGT, un blend avvolgente di Cabernet Sauvignon, Nero d'Avola, Nocera e altre uve a bacca nera.","og_url":"https:\/\/www.lenzowinery.com\/en\/product\/attia\/","og_site_name":"LenzoWinery","article_publisher":"https:\/\/www.facebook.com\/lenzowinery\/","article_modified_time":"2026-03-04T11:33:03+00:00","og_image":[{"width":1220,"height":1220,"url":"https:\/\/www.lenzowinery.com\/wp-content\/uploads\/2023\/10\/attia1.png","type":"image\/png"}],"twitter_card":"summary_large_image","twitter_misc":{"Estimated reading time":"2 minutes"},"schema":{"@context":"https:\/\/schema.org","@graph":[{"@type":"WebPage","@id":"https:\/\/www.lenzowinery.com\/product\/attia\/","url":"https:\/\/www.lenzowinery.com\/product\/attia\/","name":"Att\u00eca IGT Terre Siciliane Rosso - Lenzo Winery","isPartOf":{"@id":"https:\/\/www.lenzowinery.com\/#website"},"primaryImageOfPage":{"@id":"https:\/\/www.lenzowinery.com\/product\/attia\/#primaryimage"},"image":{"@id":"https:\/\/www.lenzowinery.com\/product\/attia\/#primaryimage"},"thumbnailUrl":"https:\/\/www.lenzowinery.com\/wp-content\/uploads\/2023\/10\/attia1.png","datePublished":"1995-05-04T22:00:00+00:00","dateModified":"2026-03-04T11:33:03+00:00","description":"Scopri Att\u00eca un rosso IGT, un blend avvolgente di Cabernet Sauvignon, Nero d'Avola, Nocera e altre uve a bacca nera.","breadcrumb":{"@id":"https:\/\/www.lenzowinery.com\/product\/attia\/#breadcrumb"},"inLanguage":"en-GB","potentialAction":[{"@type":"ReadAction","target":["https:\/\/www.lenzowinery.com\/product\/attia\/"]}]},{"@type":"ImageObject","inLanguage":"en-GB","@id":"https:\/\/www.lenzowinery.com\/product\/attia\/#primaryimage","url":"https:\/\/www.lenzowinery.com\/wp-content\/uploads\/2023\/10\/attia1.png","contentUrl":"https:\/\/www.lenzowinery.com\/wp-content\/uploads\/2023\/10\/attia1.png","width":1220,"height":1220},{"@type":"BreadcrumbList","@id":"https:\/\/www.lenzowinery.com\/product\/attia\/#breadcrumb","itemListElement":[{"@type":"ListItem","position":1,"name":"Home","item":"https:\/\/www.lenzowinery.com\/"},{"@type":"ListItem","position":2,"name":"Shop","item":"https:\/\/www.lenzowinery.com\/shop\/"},{"@type":"ListItem","position":3,"name":"ATT\u00ccA"}]},{"@type":"WebSite","@id":"https:\/\/www.lenzowinery.com\/#website","url":"https:\/\/www.lenzowinery.com\/","name":"Lenzo Winery","description":"","publisher":{"@id":"https:\/\/www.lenzowinery.com\/#organization"},"potentialAction":[{"@type":"SearchAction","target":{"@type":"EntryPoint","urlTemplate":"https:\/\/www.lenzowinery.com\/?s={search_term_string}"},"query-input":{"@type":"PropertyValueSpecification","valueRequired":true,"valueName":"search_term_string"}}],"inLanguage":"en-GB"},{"@type":"Organization","@id":"https:\/\/www.lenzowinery.com\/#organization","name":"Lenzo Winery","url":"https:\/\/www.lenzowinery.com\/","logo":{"@type":"ImageObject","inLanguage":"en-GB","@id":"https:\/\/www.lenzowinery.com\/#\/schema\/logo\/image\/","url":"https:\/\/www.lenzowinery.com\/wp-content\/uploads\/2023\/09\/logo_nero.svg","contentUrl":"https:\/\/www.lenzowinery.com\/wp-content\/uploads\/2023\/09\/logo_nero.svg","width":277,"height":237,"caption":"Lenzo Winery"},"image":{"@id":"https:\/\/www.lenzowinery.com\/#\/schema\/logo\/image\/"},"sameAs":["https:\/\/www.facebook.com\/lenzowinery\/"]}]}},"_links":{"self":[{"href":"https:\/\/www.lenzowinery.com\/en\/wp-json\/wp\/v2\/product\/4420","targetHints":{"allow":["GET"]}}],"collection":[{"href":"https:\/\/www.lenzowinery.com\/en\/wp-json\/wp\/v2\/product"}],"about":[{"href":"https:\/\/www.lenzowinery.com\/en\/wp-json\/wp\/v2\/types\/product"}],"version-history":[{"count":15,"href":"https:\/\/www.lenzowinery.com\/en\/wp-json\/wp\/v2\/product\/4420\/revisions"}],"predecessor-version":[{"id":7166,"href":"https:\/\/www.lenzowinery.com\/en\/wp-json\/wp\/v2\/product\/4420\/revisions\/7166"}],"wp:featuredmedia":[{"embeddable":true,"href":"https:\/\/www.lenzowinery.com\/en\/wp-json\/wp\/v2\/media\/7103"}],"wp:attachment":[{"href":"https:\/\/www.lenzowinery.com\/en\/wp-json\/wp\/v2\/media?parent=4420"}],"wp:term":[{"taxonomy":"product_brand","embeddable":true,"href":"https:\/\/www.lenzowinery.com\/en\/wp-json\/wp\/v2\/product_brand?post=4420"},{"taxonomy":"product_cat","embeddable":true,"href":"https:\/\/www.lenzowinery.com\/en\/wp-json\/wp\/v2\/product_cat?post=4420"},{"taxonomy":"product_tag","embeddable":true,"href":"https:\/\/www.lenzowinery.com\/en\/wp-json\/wp\/v2\/product_tag?post=4420"},{"taxonomy":"mwb_booking_cost","embeddable":true,"href":"https:\/\/www.lenzowinery.com\/en\/wp-json\/wp\/v2\/mwb_booking_cost?post=4420"},{"taxonomy":"mwb_booking_service","embeddable":true,"href":"https:\/\/www.lenzowinery.com\/en\/wp-json\/wp\/v2\/mwb_booking_service?post=4420"}],"curies":[{"name":"wp","href":"https:\/\/api.w.org\/{rel}","templated":true}]}}